{"id":104,"date":"2023-01-05T23:50:56","date_gmt":"2023-01-05T22:50:56","guid":{"rendered":"http:\/\/lni.web119.s234.goserver.host\/?page_id=104"},"modified":"2025-09-11T13:36:26","modified_gmt":"2025-09-11T11:36:26","slug":"contact","status":"publish","type":"page","link":"https:\/\/lni40.de\/en\/contact\/","title":{"rendered":"Contact us"},"content":{"rendered":"<div data-elementor-type=\"wp-page\" data-elementor-id=\"104\" class=\"elementor elementor-104\">\n\t\t\t\t\t\t<section class=\"elementor-section elementor-top-section elementor-element elementor-element-677956e elementor-section-full_width elementor-section-height-min-height elementor-section-height-default elementor-section-items-middle\" data-id=\"677956e\" data-element_type=\"section\" data-settings=\"{&quot;background_background&quot;:&quot;classic&quot;}\">\n\t\t\t\t\t\t<div class=\"elementor-container elementor-column-gap-default\">\n\t\t\t\t\t<div class=\"elementor-column elementor-col-100 elementor-top-column elementor-element elementor-element-46d9350\" data-id=\"46d9350\" data-element_type=\"column\">\n\t\t\t<div class=\"elementor-widget-wrap elementor-element-populated\">\n\t\t\t\t\t\t<div class=\"elementor-element elementor-element-c6a1bd0 elementor-hidden-desktop elementor-hidden-tablet elementor-hidden-mobile elementor-widget elementor-widget-heading\" data-id=\"c6a1bd0\" data-element_type=\"widget\" data-widget_type=\"heading.default\">\n\t\t\t\t<div class=\"elementor-widget-container\">\n\t\t\t\t\t<h1 class=\"elementor-heading-title elementor-size-default\">Contact LNI 4.0 for information<\/h1>\t\t\t\t<\/div>\n\t\t\t\t<\/div>\n\t\t\t\t\t<\/div>\n\t\t<\/div>\n\t\t\t\t\t<\/div>\n\t\t<\/section>\n\t\t\t\t<section class=\"elementor-section elementor-top-section elementor-element elementor-element-7f8837d elementor-section-boxed elementor-section-height-default elementor-section-height-default\" data-id=\"7f8837d\" data-element_type=\"section\">\n\t\t\t\t\t\t<div class=\"elementor-container elementor-column-gap-default\">\n\t\t\t\t\t<div class=\"elementor-column elementor-col-100 elementor-top-column elementor-element elementor-element-c5985b8\" data-id=\"c5985b8\" data-element_type=\"column\">\n\t\t\t<div class=\"elementor-widget-wrap elementor-element-populated\">\n\t\t\t\t\t\t<div class=\"elementor-element elementor-element-2ebd095 elementor-widget elementor-widget-heading\" data-id=\"2ebd095\" data-element_type=\"widget\" data-widget_type=\"heading.default\">\n\t\t\t\t<div class=\"elementor-widget-container\">\n\t\t\t\t\t<h2 class=\"elementor-heading-title elementor-size-default\">Get in touch with us<\/h2>\t\t\t\t<\/div>\n\t\t\t\t<\/div>\n\t\t\t\t\t<\/div>\n\t\t<\/div>\n\t\t\t\t\t<\/div>\n\t\t<\/section>\n\t\t\t\t<section class=\"elementor-section elementor-top-section elementor-element elementor-element-4ff71e9 elementor-section-boxed elementor-section-height-default elementor-section-height-default\" data-id=\"4ff71e9\" data-element_type=\"section\">\n\t\t\t\t\t\t<div class=\"elementor-container elementor-column-gap-default\">\n\t\t\t\t\t<div class=\"elementor-column elementor-col-100 elementor-top-column elementor-element elementor-element-63cb3e0\" data-id=\"63cb3e0\" data-element_type=\"column\">\n\t\t\t<div class=\"elementor-widget-wrap elementor-element-populated\">\n\t\t\t\t\t\t<div class=\"elementor-element elementor-element-0cbcad4 elementor-widget elementor-widget-text-editor\" data-id=\"0cbcad4\" data-element_type=\"widget\" data-widget_type=\"text-editor.default\">\n\t\t\t\t<div class=\"elementor-widget-container\">\n\t\t\t\t\t\t\t\t\t<p>Labs Network Industrie 4.0 e.V.<br \/>Reinhardtstr.58<br \/>10117 Berlin<\/p><p>Email: info@lni40.de<br \/>Phone: +49 30 36702177<\/p><p>Or conveniently by <b>Contact form<\/b><\/p>\t\t\t\t\t\t\t\t<\/div>\n\t\t\t\t<\/div>\n\t\t\t\t\t<\/div>\n\t\t<\/div>\n\t\t\t\t\t<\/div>\n\t\t<\/section>\n\t\t\t\t<section class=\"elementor-section elementor-top-section elementor-element elementor-element-e6031ad elementor-section-boxed elementor-section-height-default elementor-section-height-default\" data-id=\"e6031ad\" data-element_type=\"section\">\n\t\t\t\t\t\t<div class=\"elementor-container elementor-column-gap-default\">\n\t\t\t\t\t<div class=\"elementor-column elementor-col-100 elementor-top-column elementor-element elementor-element-4fdad94\" data-id=\"4fdad94\" data-element_type=\"column\">\n\t\t\t<div class=\"elementor-widget-wrap elementor-element-populated\">\n\t\t\t\t\t\t<div class=\"elementor-element elementor-element-0db0e26 elementor-button-align-start elementor-widget elementor-widget-form\" data-id=\"0db0e26\" data-element_type=\"widget\" data-settings=\"{&quot;step_next_label&quot;:&quot;Next&quot;,&quot;step_previous_label&quot;:&quot;Previous&quot;,&quot;button_width&quot;:&quot;100&quot;,&quot;step_type&quot;:&quot;number_text&quot;,&quot;step_icon_shape&quot;:&quot;circle&quot;}\" data-widget_type=\"form.default\">\n\t\t\t\t<div class=\"elementor-widget-container\">\n\t\t\t\t\t\t\t<form class=\"elementor-form\" method=\"post\" name=\"New Form\" action=\"\">\n\t\t\t<input type=\"hidden\" name=\"post_id\" value=\"104\"\/>\n\t\t\t<input type=\"hidden\" name=\"form_id\" value=\"0db0e26\"\/>\n\t\t\t<input type=\"hidden\" name=\"referer_title\" value=\"LNI 4.0 &#8211; Labs Network Industrie 4.0 e.V.\" \/>\n\n\t\t\t\n\t\t\t<div class=\"elementor-form-fields-wrapper elementor-labels-above\">\n\t\t\t\t\t\t\t\t<div class=\"elementor-field-type-text elementor-field-group elementor-column elementor-field-group-name elementor-col-50 elementor-field-required elementor-mark-required\">\n\t\t\t\t\t\t\t\t\t\t\t\t<label for=\"form-field-name\" class=\"elementor-field-label\">\n\t\t\t\t\t\t\t\tName\t\t\t\t\t\t\t<\/label>\n\t\t\t\t\t\t\t\t\t\t\t\t\t\t<input size=\"1\" type=\"text\" name=\"form_fields[name]\" id=\"form-field-name\" class=\"elementor-field elementor-size-sm  elementor-field-textual\" placeholder=\"Name\" required=\"required\" aria-required=\"true\">\n\t\t\t\t\t\t\t\t\t\t\t<\/div>\n\t\t\t\t\t\t\t\t<div class=\"elementor-field-type-text elementor-field-group elementor-column elementor-field-group-field_39e5a89 elementor-col-50\">\n\t\t\t\t\t\t\t\t\t\t\t\t<label for=\"form-field-field_39e5a89\" class=\"elementor-field-label\">\n\t\t\t\t\t\t\t\tFirst name\t\t\t\t\t\t\t<\/label>\n\t\t\t\t\t\t\t\t\t\t\t\t\t\t<input size=\"1\" type=\"text\" name=\"form_fields[field_39e5a89]\" id=\"form-field-field_39e5a89\" class=\"elementor-field elementor-size-sm  elementor-field-textual\" placeholder=\"First name\">\n\t\t\t\t\t\t\t\t\t\t\t<\/div>\n\t\t\t\t\t\t\t\t<div class=\"elementor-field-type-text elementor-field-group elementor-column elementor-field-group-email elementor-col-50\">\n\t\t\t\t\t\t\t\t\t\t\t\t<label for=\"form-field-email\" class=\"elementor-field-label\">\n\t\t\t\t\t\t\t\tCompany\t\t\t\t\t\t\t<\/label>\n\t\t\t\t\t\t\t\t\t\t\t\t\t\t<input size=\"1\" type=\"text\" name=\"form_fields[email]\" id=\"form-field-email\" class=\"elementor-field elementor-size-sm  elementor-field-textual\" placeholder=\"Company\">\n\t\t\t\t\t\t\t\t\t\t\t<\/div>\n\t\t\t\t\t\t\t\t<div class=\"elementor-field-type-email elementor-field-group elementor-column elementor-field-group-field_2c691bb elementor-col-50 elementor-field-required elementor-mark-required\">\n\t\t\t\t\t\t\t\t\t\t\t\t<label for=\"form-field-field_2c691bb\" class=\"elementor-field-label\">\n\t\t\t\t\t\t\t\temail\t\t\t\t\t\t\t<\/label>\n\t\t\t\t\t\t\t\t\t\t\t\t\t\t<input size=\"1\" type=\"email\" name=\"form_fields[field_2c691bb]\" id=\"form-field-field_2c691bb\" class=\"elementor-field elementor-size-sm  elementor-field-textual\" placeholder=\"email\" required=\"required\" aria-required=\"true\">\n\t\t\t\t\t\t\t\t\t\t\t<\/div>\n\t\t\t\t\t\t\t\t<div class=\"elementor-field-type-select elementor-field-group elementor-column elementor-field-group-field_aa48fd7 elementor-col-50 elementor-field-required elementor-mark-required\">\n\t\t\t\t\t\t\t\t\t\t\t\t<label for=\"form-field-field_aa48fd7\" class=\"elementor-field-label\">\n\t\t\t\t\t\t\t\tContact reason\t\t\t\t\t\t\t<\/label>\n\t\t\t\t\t\t\t\t<div class=\"elementor-field elementor-select-wrapper\">\n\t\t\t<select name=\"form_fields[field_aa48fd7]\" id=\"form-field-field_aa48fd7\" class=\"elementor-field-textual elementor-size-sm\" required=\"required\" aria-required=\"true\">\n\t\t\t\t\t\t\t\t\t<option value=\"Mitglied werden\">Become a member<\/option>\n\t\t\t\t\t\t\t\t\t<option value=\"Anfrage\">Request<\/option>\n\t\t\t\t\t\t\t\t\t<option value=\"Kooperation\">Cooperation<\/option>\n\t\t\t\t\t\t\t\t\t<option value=\"Democenter besichtigen\">Visit the demo center<\/option>\n\t\t\t\t\t\t\t\t\t<option value=\"Sonstiges\">Other<\/option>\n\t\t\t\t\t\t\t<\/select>\n\t\t<\/div>\n\t\t\t\t\t\t<\/div>\n\t\t\t\t\t\t\t\t<div class=\"elementor-field-type-text elementor-field-group elementor-column elementor-field-group-field_d06988a elementor-col-50\">\n\t\t\t\t\t\t\t\t\t\t\t\t<label for=\"form-field-field_d06988a\" class=\"elementor-field-label\">\n\t\t\t\t\t\t\t\tTo be filled in under \"Other\" as reason for contact\t\t\t\t\t\t\t<\/label>\n\t\t\t\t\t\t\t\t\t\t\t\t\t\t<input size=\"1\" type=\"text\" name=\"form_fields[field_d06988a]\" id=\"form-field-field_d06988a\" class=\"elementor-field elementor-size-sm  elementor-field-textual\" placeholder=\"Other reason for contact\">\n\t\t\t\t\t\t\t\t\t\t\t<\/div>\n\t\t\t\t\t\t\t\t<div class=\"elementor-field-type-textarea elementor-field-group elementor-column elementor-field-group-message elementor-col-100 elementor-field-required elementor-mark-required\">\n\t\t\t\t\t\t\t\t\t\t\t\t<label for=\"form-field-message\" class=\"elementor-field-label\">\n\t\t\t\t\t\t\t\tMessage\t\t\t\t\t\t\t<\/label>\n\t\t\t\t\t\t<textarea class=\"elementor-field-textual elementor-field  elementor-size-sm\" name=\"form_fields[message]\" id=\"form-field-message\" rows=\"15\" placeholder=\"Message, in the case of the demo center please describe the request in more detail\" required=\"required\" aria-required=\"true\"><\/textarea>\t\t\t\t<\/div>\n\t\t\t\t\t\t\t\t<div class=\"elementor-field-type-acceptance elementor-field-group elementor-column elementor-field-group-field_9f5badc elementor-col-100 elementor-field-required elementor-mark-required\">\n\t\t\t\t\t\t\t<div class=\"elementor-field-subgroup\">\n\t\t\t<span class=\"elementor-field-option\">\n\t\t\t\t<input type=\"checkbox\" name=\"form_fields[field_9f5badc]\" id=\"form-field-field_9f5badc\" class=\"elementor-field elementor-size-sm  elementor-acceptance-field\" required=\"required\" aria-required=\"true\">\n\t\t\t\t<label for=\"form-field-field_9f5badc\">I hereby consent to the transmission of the data.<\/label>\t\t\t<\/span>\n\t\t<\/div>\n\t\t\t\t\t\t<\/div>\n\t\t\t\t\t\t\t\t<div class=\"elementor-field-type-recaptcha_v3 elementor-field-group elementor-column elementor-field-group-field_610206a elementor-col-100 recaptcha_v3-bottomright\">\n\t\t\t\t\t<div class=\"elementor-field\" id=\"form-field-field_610206a\"><div class=\"elementor-g-recaptcha\" data-sitekey=\"6Ld-OcYrAAAAAF3HhlVULqyeTE1gfVDV-Msjg0C8\" data-type=\"v3\" data-action=\"Form\" data-badge=\"bottomright\" data-size=\"invisible\"><\/div><\/div>\t\t\t\t<\/div>\n\t\t\t\t\t\t\t\t<div class=\"elementor-field-group elementor-column elementor-field-type-submit elementor-col-100 e-form__buttons\">\n\t\t\t\t\t<button type=\"submit\" class=\"elementor-button elementor-size-md\">\n\t\t\t\t\t\t<span >\n\t\t\t\t\t\t\t\t\t\t\t\t\t\t\t<span class=\"elementor-button-icon\">\n\t\t\t\t\t\t\t\t\t\t\t\t\t\t\t\t\t\t\t\t\t\t\t\t\t\t<\/span>\n\t\t\t\t\t\t\t\t\t\t\t\t\t\t\t\t\t\t\t\t\t\t<span class=\"elementor-button-text\">Sending<\/span>\n\t\t\t\t\t\t\t\t\t\t\t\t\t<\/span>\n\t\t\t\t\t<\/button>\n\t\t\t\t<\/div>\n\t\t\t<\/div>\n\t\t<input type=\"hidden\" name=\"trp-form-language\" value=\"en\"\/><\/form>\n\t\t\t\t\t\t<\/div>\n\t\t\t\t<\/div>\n\t\t\t\t\t<\/div>\n\t\t<\/div>\n\t\t\t\t\t<\/div>\n\t\t<\/section>\n\t\t\t\t<\/div>","protected":false},"excerpt":{"rendered":"<p>Contact LNI 4.0 for information Contact us Labs Network Industrie 4.0 e.V.Reinhardtstr.5810117 Berlin Email: info@lni40.deTelefon: +49 30 36702177 Or conveniently via contact form<\/p>","protected":false},"author":1,"featured_media":0,"parent":0,"menu_order":0,"comment_status":"closed","ping_status":"closed","template":"","meta":{"site-sidebar-layout":"no-sidebar","site-content-layout":"page-builder","ast-site-content-layout":"default","site-content-style":"default","site-sidebar-style":"default","ast-global-header-display":"","ast-banner-title-visibility":"","ast-main-header-display":"","ast-hfb-above-header-display":"","ast-hfb-below-header-display":"","ast-hfb-mobile-header-display":"","site-post-title":"disabled","ast-breadcrumbs-content":"","ast-featured-img":"disabled","footer-sml-layout":"","ast-disable-related-posts":"","theme-transparent-header-meta":"","adv-header-id-meta":"","stick-header-meta":"","header-above-stick-meta":"","header-main-stick-meta":"","header-below-stick-meta":"","astra-migrate-meta-layouts":"default","ast-page-background-enabled":"default","ast-page-background-meta":{"desktop":{"background-color":"var(--ast-global-color-4)","background-image":"","background-repeat":"repeat","background-position":"center center","background-size":"auto","background-attachment":"scroll","background-type":"","background-media":"","overlay-type":"","overlay-color":"","overlay-opacity":"","overlay-gradient":""},"tablet":{"background-color":"","background-image":"","background-repeat":"repeat","background-position":"center center","background-size":"auto","background-attachment":"scroll","background-type":"","background-media":"","overlay-type":"","overlay-color":"","overlay-opacity":"","overlay-gradient":""},"mobile":{"background-color":"","background-image":"","background-repeat":"repeat","background-position":"center center","background-size":"auto","background-attachment":"scroll","background-type":"","background-media":"","overlay-type":"","overlay-color":"","overlay-opacity":"","overlay-gradient":""}},"ast-content-background-meta":{"desktop":{"background-color":"var(--ast-global-color-5)","background-image":"","background-repeat":"repeat","background-position":"center center","background-size":"auto","background-attachment":"scroll","background-type":"","background-media":"","overlay-type":"","overlay-color":"","overlay-opacity":"","overlay-gradient":""},"tablet":{"background-color":"var(--ast-global-color-5)","background-image":"","background-repeat":"repeat","background-position":"center center","background-size":"auto","background-attachment":"scroll","background-type":"","background-media":"","overlay-type":"","overlay-color":"","overlay-opacity":"","overlay-gradient":""},"mobile":{"background-color":"var(--ast-global-color-5)","background-image":"","background-repeat":"repeat","background-position":"center center","background-size":"auto","background-attachment":"scroll","background-type":"","background-media":"","overlay-type":"","overlay-color":"","overlay-opacity":"","overlay-gradient":""}},"footnotes":""},"class_list":["post-104","page","type-page","status-publish","hentry"],"yoast_head":"<!-- This site is optimized with the Yoast SEO plugin v26.7 - https:\/\/yoast.com\/wordpress\/plugins\/seo\/ -->\n<title>Kontaktieren Sie LNI 4.0 f\u00fcr Informationen<\/title>\n<meta name=\"description\" content=\"Kontaktieren Sie LNI 4.0 f\u00fcr Informationen zu Industrie 4.0, Mitgliedschaften und digitalen L\u00f6sungen. Wir helfen Ihnen gerne weiter!\" \/>\n<meta name=\"robots\" content=\"index, follow, max-snippet:-1, max-image-preview:large, max-video-preview:-1\" \/>\n<link rel=\"canonical\" href=\"https:\/\/lni40.de\/en\/contact\/\" \/>\n<meta property=\"og:locale\" content=\"en_US\" \/>\n<meta property=\"og:type\" content=\"article\" \/>\n<meta property=\"og:title\" content=\"Kontaktieren Sie LNI 4.0 f\u00fcr Informationen\" \/>\n<meta property=\"og:description\" content=\"Kontaktieren Sie LNI 4.0 f\u00fcr Informationen zu Industrie 4.0, Mitgliedschaften und digitalen L\u00f6sungen. Wir helfen Ihnen gerne weiter!\" \/>\n<meta property=\"og:url\" content=\"https:\/\/lni40.de\/en\/contact\/\" \/>\n<meta property=\"og:site_name\" content=\"LNI 4.0 - Labs Network Industrie 4.0 e.V.\" \/>\n<meta property=\"article:modified_time\" content=\"2025-09-11T11:36:26+00:00\" \/>\n<meta name=\"twitter:card\" content=\"summary_large_image\" \/>\n<meta name=\"twitter:label1\" content=\"Est. reading time\" \/>\n\t<meta name=\"twitter:data1\" content=\"1 minute\" \/>\n<script type=\"application\/ld+json\" class=\"yoast-schema-graph\">{\"@context\":\"https:\/\/schema.org\",\"@graph\":[{\"@type\":\"WebPage\",\"@id\":\"https:\/\/lni40.de\/kontakt\/\",\"url\":\"https:\/\/lni40.de\/kontakt\/\",\"name\":\"Kontaktieren Sie LNI 4.0 f\u00fcr Informationen\",\"isPartOf\":{\"@id\":\"https:\/\/lni40.de\/#website\"},\"datePublished\":\"2023-01-05T22:50:56+00:00\",\"dateModified\":\"2025-09-11T11:36:26+00:00\",\"description\":\"Kontaktieren Sie LNI 4.0 f\u00fcr Informationen zu Industrie 4.0, Mitgliedschaften und digitalen L\u00f6sungen. Wir helfen Ihnen gerne weiter!\",\"breadcrumb\":{\"@id\":\"https:\/\/lni40.de\/kontakt\/#breadcrumb\"},\"inLanguage\":\"en-US\",\"potentialAction\":[{\"@type\":\"ReadAction\",\"target\":[\"https:\/\/lni40.de\/kontakt\/\"]}]},{\"@type\":\"BreadcrumbList\",\"@id\":\"https:\/\/lni40.de\/kontakt\/#breadcrumb\",\"itemListElement\":[{\"@type\":\"ListItem\",\"position\":1,\"name\":\"Startseite\",\"item\":\"https:\/\/lni40.de\/\"},{\"@type\":\"ListItem\",\"position\":2,\"name\":\"Kontakt\"}]},{\"@type\":\"WebSite\",\"@id\":\"https:\/\/lni40.de\/#website\",\"url\":\"https:\/\/lni40.de\/\",\"name\":\"LNI 4.0 - Labs Network Industrie 4.0 e.V.\",\"description\":\"\",\"publisher\":{\"@id\":\"https:\/\/lni40.de\/#organization\"},\"potentialAction\":[{\"@type\":\"SearchAction\",\"target\":{\"@type\":\"EntryPoint\",\"urlTemplate\":\"https:\/\/lni40.de\/?s={search_term_string}\"},\"query-input\":{\"@type\":\"PropertyValueSpecification\",\"valueRequired\":true,\"valueName\":\"search_term_string\"}}],\"inLanguage\":\"en-US\"},{\"@type\":\"Organization\",\"@id\":\"https:\/\/lni40.de\/#organization\",\"name\":\"LNI 4.0 - Labs Network Industrie 4.0 e.V.\",\"url\":\"https:\/\/lni40.de\/\",\"logo\":{\"@type\":\"ImageObject\",\"inLanguage\":\"en-US\",\"@id\":\"https:\/\/lni40.de\/#\/schema\/logo\/image\/\",\"url\":\"https:\/\/lni40.de\/wp-content\/uploads\/2023\/01\/LNI40_logo_transparent.png\",\"contentUrl\":\"https:\/\/lni40.de\/wp-content\/uploads\/2023\/01\/LNI40_logo_transparent.png\",\"width\":1200,\"height\":109,\"caption\":\"LNI 4.0 - Labs Network Industrie 4.0 e.V.\"},\"image\":{\"@id\":\"https:\/\/lni40.de\/#\/schema\/logo\/image\/\"}}]}<\/script>\n<!-- \/ Yoast SEO plugin. -->","yoast_head_json":{"title":"Contact LNI 4.0 for information","description":"Contact LNI 4.0 for information on Industry 4.0, memberships and digital solutions. We will be happy to help you!","robots":{"index":"index","follow":"follow","max-snippet":"max-snippet:-1","max-image-preview":"max-image-preview:large","max-video-preview":"max-video-preview:-1"},"canonical":"https:\/\/lni40.de\/en\/contact\/","og_locale":"en_US","og_type":"article","og_title":"Kontaktieren Sie LNI 4.0 f\u00fcr Informationen","og_description":"Kontaktieren Sie LNI 4.0 f\u00fcr Informationen zu Industrie 4.0, Mitgliedschaften und digitalen L\u00f6sungen. Wir helfen Ihnen gerne weiter!","og_url":"https:\/\/lni40.de\/en\/contact\/","og_site_name":"LNI 4.0 - Labs Network Industrie 4.0 e.V.","article_modified_time":"2025-09-11T11:36:26+00:00","twitter_card":"summary_large_image","twitter_misc":{"Est. reading time":"1 minute"},"schema":{"@context":"https:\/\/schema.org","@graph":[{"@type":"WebPage","@id":"https:\/\/lni40.de\/kontakt\/","url":"https:\/\/lni40.de\/kontakt\/","name":"Contact LNI 4.0 for information","isPartOf":{"@id":"https:\/\/lni40.de\/#website"},"datePublished":"2023-01-05T22:50:56+00:00","dateModified":"2025-09-11T11:36:26+00:00","description":"Contact LNI 4.0 for information on Industry 4.0, memberships and digital solutions. We will be happy to help you!","breadcrumb":{"@id":"https:\/\/lni40.de\/kontakt\/#breadcrumb"},"inLanguage":"en-US","potentialAction":[{"@type":"ReadAction","target":["https:\/\/lni40.de\/kontakt\/"]}]},{"@type":"BreadcrumbList","@id":"https:\/\/lni40.de\/kontakt\/#breadcrumb","itemListElement":[{"@type":"ListItem","position":1,"name":"Startseite","item":"https:\/\/lni40.de\/"},{"@type":"ListItem","position":2,"name":"Kontakt"}]},{"@type":"WebSite","@id":"https:\/\/lni40.de\/#website","url":"https:\/\/lni40.de\/","name":"LNI 4.0 - Labs Network Industrie 4.0 e.V.","description":"","publisher":{"@id":"https:\/\/lni40.de\/#organization"},"potentialAction":[{"@type":"SearchAction","target":{"@type":"EntryPoint","urlTemplate":"https:\/\/lni40.de\/?s={search_term_string}"},"query-input":{"@type":"PropertyValueSpecification","valueRequired":true,"valueName":"search_term_string"}}],"inLanguage":"en-US"},{"@type":"Organization","@id":"https:\/\/lni40.de\/#organization","name":"LNI 4.0 - Labs Network Industrie 4.0 e.V.","url":"https:\/\/lni40.de\/","logo":{"@type":"ImageObject","inLanguage":"en-US","@id":"https:\/\/lni40.de\/#\/schema\/logo\/image\/","url":"https:\/\/lni40.de\/wp-content\/uploads\/2023\/01\/LNI40_logo_transparent.png","contentUrl":"https:\/\/lni40.de\/wp-content\/uploads\/2023\/01\/LNI40_logo_transparent.png","width":1200,"height":109,"caption":"LNI 4.0 - Labs Network Industrie 4.0 e.V."},"image":{"@id":"https:\/\/lni40.de\/#\/schema\/logo\/image\/"}}]}},"_links":{"self":[{"href":"https:\/\/lni40.de\/en\/wp-json\/wp\/v2\/pages\/104","targetHints":{"allow":["GET"]}}],"collection":[{"href":"https:\/\/lni40.de\/en\/wp-json\/wp\/v2\/pages"}],"about":[{"href":"https:\/\/lni40.de\/en\/wp-json\/wp\/v2\/types\/page"}],"author":[{"embeddable":true,"href":"https:\/\/lni40.de\/en\/wp-json\/wp\/v2\/users\/1"}],"replies":[{"embeddable":true,"href":"https:\/\/lni40.de\/en\/wp-json\/wp\/v2\/comments?post=104"}],"version-history":[{"count":43,"href":"https:\/\/lni40.de\/en\/wp-json\/wp\/v2\/pages\/104\/revisions"}],"predecessor-version":[{"id":4493,"href":"https:\/\/lni40.de\/en\/wp-json\/wp\/v2\/pages\/104\/revisions\/4493"}],"wp:attachment":[{"href":"https:\/\/lni40.de\/en\/wp-json\/wp\/v2\/media?parent=104"}],"curies":[{"name":"wp","href":"https:\/\/api.w.org\/{rel}","templated":true}]}}