{"id":109,"date":"2023-01-05T23:51:25","date_gmt":"2023-01-05T22:51:25","guid":{"rendered":"http:\/\/lni.web119.s234.goserver.host\/?page_id=109"},"modified":"2025-07-25T21:56:23","modified_gmt":"2025-07-25T19:56:23","slug":"newsletter-registration","status":"publish","type":"page","link":"https:\/\/lni40.de\/en\/newsletter-registration\/","title":{"rendered":"Newsletter registration"},"content":{"rendered":"<div data-elementor-type=\"wp-page\" data-elementor-id=\"109\" class=\"elementor elementor-109\">\n\t\t\t\t\t\t<section class=\"elementor-section elementor-top-section elementor-element elementor-element-667e5b3 elementor-section-height-min-height elementor-section-boxed elementor-section-height-default elementor-section-items-middle\" data-id=\"667e5b3\" data-element_type=\"section\" data-settings=\"{&quot;background_background&quot;:&quot;classic&quot;}\">\n\t\t\t\t\t\t<div class=\"elementor-container elementor-column-gap-default\">\n\t\t\t\t\t<div class=\"elementor-column elementor-col-100 elementor-top-column elementor-element elementor-element-4cdb2b8\" data-id=\"4cdb2b8\" data-element_type=\"column\">\n\t\t\t<div class=\"elementor-widget-wrap elementor-element-populated\">\n\t\t\t\t\t\t<div class=\"elementor-element elementor-element-b0215e7 elementor-hidden-desktop elementor-hidden-tablet elementor-hidden-mobile elementor-widget elementor-widget-heading\" data-id=\"b0215e7\" data-element_type=\"widget\" data-widget_type=\"heading.default\">\n\t\t\t\t<div class=\"elementor-widget-container\">\n\t\t\t\t\t<h1 class=\"elementor-heading-title elementor-size-default\">Newsletter registration LNI 4.0 - receive regular updates<\/h1>\t\t\t\t<\/div>\n\t\t\t\t<\/div>\n\t\t\t\t\t<\/div>\n\t\t<\/div>\n\t\t\t\t\t<\/div>\n\t\t<\/section>\n\t\t\t\t<section class=\"elementor-section elementor-top-section elementor-element elementor-element-32e3777 elementor-section-boxed elementor-section-height-default elementor-section-height-default\" data-id=\"32e3777\" data-element_type=\"section\">\n\t\t\t\t\t\t<div class=\"elementor-container elementor-column-gap-default\">\n\t\t\t\t\t<div class=\"elementor-column elementor-col-100 elementor-top-column elementor-element elementor-element-1efe091\" data-id=\"1efe091\" data-element_type=\"column\">\n\t\t\t<div class=\"elementor-widget-wrap elementor-element-populated\">\n\t\t\t\t\t\t<div class=\"elementor-element elementor-element-82e309e elementor-widget elementor-widget-heading\" data-id=\"82e309e\" data-element_type=\"widget\" data-widget_type=\"heading.default\">\n\t\t\t\t<div class=\"elementor-widget-container\">\n\t\t\t\t\t<h2 class=\"elementor-heading-title elementor-size-default\">Newsletter registration<\/h2>\t\t\t\t<\/div>\n\t\t\t\t<\/div>\n\t\t\t\t\t<\/div>\n\t\t<\/div>\n\t\t\t\t\t<\/div>\n\t\t<\/section>\n\t\t\t\t<section class=\"elementor-section elementor-top-section elementor-element elementor-element-4851e7c elementor-section-boxed elementor-section-height-default elementor-section-height-default\" data-id=\"4851e7c\" data-element_type=\"section\">\n\t\t\t\t\t\t<div class=\"elementor-container elementor-column-gap-default\">\n\t\t\t\t\t<div class=\"elementor-column elementor-col-100 elementor-top-column elementor-element elementor-element-e0408f0\" data-id=\"e0408f0\" data-element_type=\"column\">\n\t\t\t<div class=\"elementor-widget-wrap elementor-element-populated\">\n\t\t\t\t\t\t<div class=\"elementor-element elementor-element-b9a4738 elementor-widget elementor-widget-html\" data-id=\"b9a4738\" data-element_type=\"widget\" data-widget_type=\"html.default\">\n\t\t\t\t<div class=\"elementor-widget-container\">\n\t\t\t\t\t<script>\r\nfunction loadjQuery(e,t){var n=document.createElement(\"script\");n.setAttribute(\"src\",e);n.onload=t;n.onreadystatechange=function(){if(this.readyState==\"complete\"||this.readyState==\"loaded\")t()};document.getElementsByTagName(\"head\")[0].appendChild(n)}function main(){\r\nvar $cr=jQuery.noConflict();var old_src;$cr(document).ready(function(){$cr(\".cr_form\").submit(function(){$cr(this).find('.clever_form_error').removeClass('clever_form_error');$cr(this).find('.clever_form_note').remove();$cr(this).find(\".musthave\").find('input, textarea').each(function(){if(jQuery.trim($cr(this).val())==\"\"||($cr(this).is(':checkbox'))||($cr(this).is(':radio'))){if($cr(this).is(':checkbox')||($cr(this).is(':radio'))){if(!$cr(this).parents(\".cr_ipe_item\").find(\":checked\").is(\":checked\")){$cr(this).parents(\".cr_ipe_item\").addClass('clever_form_error')}}else{$cr(this).addClass('clever_form_error')}}});if($cr(this).attr(\"action\").search(document.domain)>0&&$cr(\".cr_form\").attr(\"action\").search(\"wcs\")>0){var cr_email=$cr(this).find('input[name=email]');var unsub=false;if($cr(\"input['name=cr_subunsubscribe'][value='false']\").length){if($cr(\"input['name=cr_subunsubscribe'][value='false']\").is(\":checked\")){unsub=true}}if(cr_email.val()&&!unsub){$cr.ajax({type:\"GET\",url:$cr(\".cr_form\").attr(\"action\").replace(\"wcs\",\"check_email\")+window.btoa($cr(this).find('input[name=email]').val()),success:function(data){if(data){cr_email.addClass('clever_form_error').before(\"<div class='clever_form_note cr_font'>\"+data+\"<\/div>\");return false}},async:false})}var cr_captcha=$cr(this).find('input[name=captcha]');if(cr_captcha.val()){$cr.ajax({type:\"GET\",url:$cr(\".cr_form\").attr(\"action\").replace(\"wcs\",\"check_captcha\")+$cr(this).find('input[name=captcha]').val(),success:function(data){if(data){cr_captcha.addClass('clever_form_error').after(\"<div style='display:block' class='clever_form_note cr_font'>\"+data+\"<\/div>\");return false}},async:false})}}if($cr(this).find('.clever_form_error').length){return false}return true});$cr('input[class*=\"cr_number\"]').change(function(){if(isNaN($cr(this).val())){$cr(this).val(1)}if($cr(this).attr(\"min\")){if(($cr(this).val()*1)<($cr(this).attr(\"min\")*1)){$cr(this).val($cr(this).attr(\"min\"))}}if($cr(this).attr(\"max\")){if(($cr(this).val()*1)>($cr(this).attr(\"max\")*1)){$cr(this).val($cr(this).attr(\"max\"))}}});old_src=$cr(\"div[rel='captcha'] img:not(.captcha2_reload)\").attr(\"src\");if($cr(\"div[rel='captcha'] img:not(.captcha2_reload)\").length!=0){captcha_reload()}});function captcha_reload(){var timestamp=new Date().getTime();$cr(\"div[rel='captcha'] img:not(.captcha2_reload)\").attr(\"src\",\"\");$cr(\"div[rel='captcha'] img:not(.captcha2_reload)\").attr(\"src\",old_src+\"?t=\"+timestamp);return false}\r\n\r\n}\r\nif(typeof jQuery===\"undefined\"){loadjQuery(\"\/\/ajax.googleapis.com\/ajax\/libs\/jquery\/1.4.4\/jquery.min.js\",main)}else{main()}\r\n\r\n<\/script>\r\n\r\n\r\n<style>\r\n.cr_site{margin:0;padding:75px 0 0 0;text-align:center;background-color:#eeeeee;}\r\n.cr_font{font-size: 14px;font-family: Arial;}\r\n.cr_body h2, .cr_header h2{font-size:22px;line-height:28px;margin:0 0 10px 0;}\r\n.cr_body h1, .cr_header h2{font-size:28px;margin-bottom:15px;padding:0;margin-top:0;}\r\n.wrapper, .cr_page{margin:0 auto 10px auto;text-align:left;border-radius:4px;}\r\n.cr_header{text-align:center;background: transparent !Important;}\r\n.cr_body label{float:none;clear:both;display:block;width:auto;margin-top:8px;text-align:left;font-weight:bold;position:relative;}\r\n.cr_button{display:inline-block;font-family:'Helvetica', Arial, sans-serif;width:auto;white-space:nowrap;height:32px;margin:5px 5px 0 0;padding:0 22px;text-decoration:none;text-align:center;font-weight:bold;font-style:normal;font-size:15px;line-height:32px;cursor:pointer;border:0;-moz-border-radius:4px;border-radius:4px;-webkit-border-radius:4px;vertical-align:top;}\r\n.cr_button{background-color:#333;color:#ffffff;}\r\n.cr_button:hover,.cr_button-small:hover{opacity:0.7;filter:alpha(opacity=70);}\r\n.powered{padding:20px 0;width:560px;margin:0 auto;}\r\n.formbox{line-height:150%;font-family:Helvetica;font-size:12px;color:#333333;padding:20px;background-color:#ffffff;border-radius: 6px 6px 6px 6px;}\r\n.cr_ipe_item label{line-height:150%;font-size:14px;}\r\n.cr_ipe_item textarea {background: none repeat scroll 0 0 #eeeeee;border: 1px solid #aaa;font-family: Helvetica;font-size: 16px;}\r\n.cr_ipe_item input {background: none repeat scroll 0 0 #eeeeee;border: 1px solid #aaa;padding: 5px;font-family: Helvetica;font-size: 16px;}\r\n.cr_ipe_item select {background: none repeat scroll 0 0 #eeeeee;border: 1px solid #aaa;display: block;margin: 0;padding: 5px;width: 100%;font-family: Helvetica;font-size: 16px;}\r\n.cr_ipe_item input.cr_ipe_radio, input.cr_ipe_checkbox {-moz-binding: none;-moz-box-sizing: border-box;background-color: -moz-field !important;border: 2px inset threedface !important;color: -moz-fieldtext !important;cursor: default;height: 13px;padding: 0 !important;width: 13px;}\r\n.cr_ipe_item input.cr_ipe_radio{-moz-appearance: radio;border-radius: 100% 100% 100% 100% !important;margin: 3px 3px 0 5px;}\r\n.submit_container{text-align:center}\r\n.cr_ipe_item{ padding:1px 10px; margin:1px 10px; }\r\n.cr_ipe_item.inactive {display:none;}\r\n.imprint{font-size:0.8em;}\r\n.cr_captcha{padding-left:130px;}\r\n.cr_error{font-size:1.1em;padding:10px;}\r\n.clever_form_error{background-color:#f99; color:#000; border:1px solid #f22 !important}\r\n.clever_form_note {margin:26px 0 0 3px;position:absolute;display:inline; padding: 2px 4px; font-weight:bold;background-color:#f2ecb5; color:#000; font-size:12px !important;  }\r\n.cr_site {background-color:#eee;}\r\n.cr_header {color:#000000;}\r\n.cr_body {background-color:#ffffff;font-size:12px;color:#000000;}\r\n.cr_hr {background-color:#ccc;}\r\n.cr_site a {color:#0084ff;}\r\n.imprint{color:#000;}\r\n\r\n<\/style>\r\n\r\n\r\n<style id=\"style\">\r\n.cr_site {background-color:#ffffff;}\r\n.cr_body {color:#000000;background-color:#ffffff;}\r\n.cr_header {color:#000000;}\r\n.cr_hr {background-color:#ccc;}\r\n.cr_site a {color:#0084ff;}\r\n.imprint {color:#051A44;}\r\n.cr_page {width:1000;max-width:auto;}\r\n.cr_font {font-family:Verdana;color:#051A44;}\r\n\r\n<\/style>\r\n\r\n\r\n\r\n<form class=\"layout_form cr_form cr_font\" action=\"https:\/\/seu2.cleverreach.com\/f\/342792-362414\/wcs\/\" method=\"post\" target=\"_blank\">\r\n\t<div class=\"cr_body cr_page cr_font formbox\">\r\n\t\t<div class=\"non_sortable\" style=\"text-align:left;\">\r\n\t\t\t\r\n\t\t<\/div>\r\n\t\t\r\n\t\t<div class=\"editable_content\" style=\"text-align:left;\">\r\n\t\t<div id=\"8183652\" rel=\"select\" class=\"cr_ipe_item ui-sortable\" style=\" margin-bottom:0px;\">\r\n<label for=\"select_8183652\" class=\"itemname\">Salutation<\/label> <select id=\"select_8183652\" class=\"cr_font\" name=\"1124342\" style=\"width:100%;\" >\r\n\r\n<option value=\"Herr\" >Mr.<\/option>\r\n\r\n<option value=\"Frau\" >Woman<\/option>\r\n\r\n<option value=\"Mr\" >Mr<\/option>\r\n\r\n<option value=\"Mrs\" >Mrs<\/option>\r\n\r\n<option value=\"Ohne\" >Without<\/option>\r\n<\/select>\r\n<\/div><div id=\"8183653\" rel=\"text\" class=\"cr_ipe_item ui-sortable musthave\" style=\" margin-bottom:15px;\">\r\n<label for=\"text8183653\" class=\"itemname\">First name*<\/label> <input id=\"text8183653\" name=\"1062914\" type=\"text\" value=\"\" style=\"width:100%;\" \/>\r\n<\/div><div id=\"8183656\" rel=\"text\" class=\"cr_ipe_item ui-sortable musthave\" style=\" margin-bottom:0px;\">\r\n<label for=\"text8183656\" class=\"itemname\">Surname*<\/label> <input id=\"text8183656\" name=\"1062915\" type=\"text\" value=\"\" style=\"width:100%;\" \/>\r\n<\/div><div id=\"8183659\" rel=\"text\" class=\"cr_ipe_item ui-sortable musthave\" style=\" margin-bottom:0px;\">\r\n<label for=\"text8183659\" class=\"itemname\">Company*<\/label> <input id=\"text8183659\" name=\"1124343\" type=\"text\" value=\"Bitte Firmenbezeichnung eintragen oder &quot;Privat&quot; bei  privaten Mailadressen \" style=\"width:100%;\" \/>\r\n<\/div><div id=\"8183660\" rel=\"email\" class=\"cr_ipe_item ui-sortable musthave\" style=\"margin-bottom:15px;\">\r\n<label for=\"text8183660\" class=\"itemname\">e-mail*<\/label> <input id=\"text8183660\" name=\"email\" value=\"\" type=\"text\" style=\"width:100%;\" \/>\r\n<\/div><div id=\"8183661\" rel=\"checkbox\" class=\"cr_ipe_item ui-sortable musthave\" style=\" margin-bottom:0px;\">\r\n<label class=\"itemname\">Data protection*<\/label>\r\n<div style=\"overflow:auto;\">\r\n\r\n<input id=\"Ich stimme hiermit der \u00dcbermittlung meiner Daten zu. Weitere Informationen finde ich in der Datenschutzerkl\u00e4rung8183661\" class=\"cr_ipe_checkbox\" name=\"1062916[]\" value=\"Ich stimme hiermit der \u00dcbermittlung meiner Daten zu. Weitere Informationen finde ich in der Datenschutzerkl\u00e4rung\" type=\"checkbox\"  \/>I hereby consent to the transmission of my data. I can find further information in the privacy policy&nbsp;\r\n\r\n<\/div>\r\n<br style=\"clear:left;\" \/>\r\n<\/div><div id=\"8183663\" rel=\"button\" class=\"cr_ipe_item ui-sortable submit_container\" style=\"text-align:center; margin-bottom:px;\">\r\n<button type=\"submit\" class=\"cr_button\">Log in<\/button>\r\n<\/div>\r\n        <\/div>\r\n        \r\n\t<noscript><a href=\"http:\/\/www.cleverreach.de\">www.CleverReach.de<\/a><\/noscript>\r\n    <\/div>\r\n\r\n    \r\n<\/form>\t\t\t\t<\/div>\n\t\t\t\t<\/div>\n\t\t\t\t\t<\/div>\n\t\t<\/div>\n\t\t\t\t\t<\/div>\n\t\t<\/section>\n\t\t\t\t<\/div>","protected":false},"excerpt":{"rendered":"<p>Newsletter registration LNI 4.0 - receive regular updates Newsletter registration Salutation MrMrsMrsWithout first name* Last name* Company* E-mail* Data protection* I hereby consent to the transmission of my data. Further information can be found in the privacy policy Subscribe www.CleverReach.de<\/p>","protected":false},"author":1,"featured_media":0,"parent":0,"menu_order":0,"comment_status":"closed","ping_status":"closed","template":"","meta":{"site-sidebar-layout":"no-sidebar","site-content-layout":"page-builder","ast-site-content-layout":"full-width-container","site-content-style":"unboxed","site-sidebar-style":"unboxed","ast-global-header-display":"","ast-banner-title-visibility":"","ast-main-header-display":"","ast-hfb-above-header-display":"","ast-hfb-below-header-display":"","ast-hfb-mobile-header-display":"","site-post-title":"disabled","ast-breadcrumbs-content":"","ast-featured-img":"disabled","footer-sml-layout":"","ast-disable-related-posts":"","theme-transparent-header-meta":"","adv-header-id-meta":"","stick-header-meta":"","header-above-stick-meta":"","header-main-stick-meta":"","header-below-stick-meta":"","astra-migrate-meta-layouts":"set","ast-page-background-enabled":"default","ast-page-background-meta":{"desktop":{"background-color":"var(--ast-global-color-4)","background-image":"","background-repeat":"repeat","background-position":"center center","background-size":"auto","background-attachment":"scroll","background-type":"","background-media":"","overlay-type":"","overlay-color":"","overlay-opacity":"","overlay-gradient":""},"tablet":{"background-color":"","background-image":"","background-repeat":"repeat","background-position":"center center","background-size":"auto","background-attachment":"scroll","background-type":"","background-media":"","overlay-type":"","overlay-color":"","overlay-opacity":"","overlay-gradient":""},"mobile":{"background-color":"","background-image":"","background-repeat":"repeat","background-position":"center center","background-size":"auto","background-attachment":"scroll","background-type":"","background-media":"","overlay-type":"","overlay-color":"","overlay-opacity":"","overlay-gradient":""}},"ast-content-background-meta":{"desktop":{"background-color":"var(--ast-global-color-5)","background-image":"","background-repeat":"repeat","background-position":"center center","background-size":"auto","background-attachment":"scroll","background-type":"","background-media":"","overlay-type":"","overlay-color":"","overlay-opacity":"","overlay-gradient":""},"tablet":{"background-color":"var(--ast-global-color-5)","background-image":"","background-repeat":"repeat","background-position":"center center","background-size":"auto","background-attachment":"scroll","background-type":"","background-media":"","overlay-type":"","overlay-color":"","overlay-opacity":"","overlay-gradient":""},"mobile":{"background-color":"var(--ast-global-color-5)","background-image":"","background-repeat":"repeat","background-position":"center center","background-size":"auto","background-attachment":"scroll","background-type":"","background-media":"","overlay-type":"","overlay-color":"","overlay-opacity":"","overlay-gradient":""}},"footnotes":""},"class_list":["post-109","page","type-page","status-publish","hentry"],"yoast_head":"<!-- This site is optimized with the Yoast SEO plugin v26.7 - https:\/\/yoast.com\/wordpress\/plugins\/seo\/ -->\n<title>Newsletteranmeldung LNI 4.0 - regelm\u00e4\u00dfig Updates erhalten<\/title>\n<meta name=\"description\" content=\"Melden Sie sich f\u00fcr den LNI 4.0 Newsletter an und erhalten Sie regelm\u00e4\u00dfig Updates zu Industrie 4.0, Innovationen und Veranstaltungen.\" \/>\n<meta name=\"robots\" content=\"index, follow, max-snippet:-1, max-image-preview:large, max-video-preview:-1\" \/>\n<link rel=\"canonical\" href=\"https:\/\/lni40.de\/en\/newsletter-registration\/\" \/>\n<meta property=\"og:locale\" content=\"en_US\" \/>\n<meta property=\"og:type\" content=\"article\" \/>\n<meta property=\"og:title\" content=\"Newsletteranmeldung LNI 4.0 - regelm\u00e4\u00dfig Updates erhalten\" \/>\n<meta property=\"og:description\" content=\"Melden Sie sich f\u00fcr den LNI 4.0 Newsletter an und erhalten Sie regelm\u00e4\u00dfig Updates zu Industrie 4.0, Innovationen und Veranstaltungen.\" \/>\n<meta property=\"og:url\" content=\"https:\/\/lni40.de\/en\/newsletter-registration\/\" \/>\n<meta property=\"og:site_name\" content=\"LNI 4.0 - Labs Network Industrie 4.0 e.V.\" \/>\n<meta property=\"article:modified_time\" content=\"2025-07-25T19:56:23+00:00\" \/>\n<meta name=\"twitter:card\" content=\"summary_large_image\" \/>\n<meta name=\"twitter:label1\" content=\"Est. reading time\" \/>\n\t<meta name=\"twitter:data1\" content=\"1 minute\" \/>\n<script type=\"application\/ld+json\" class=\"yoast-schema-graph\">{\"@context\":\"https:\/\/schema.org\",\"@graph\":[{\"@type\":\"WebPage\",\"@id\":\"https:\/\/lni40.de\/newsletteranmeldung\/\",\"url\":\"https:\/\/lni40.de\/newsletteranmeldung\/\",\"name\":\"Newsletteranmeldung LNI 4.0 - regelm\u00e4\u00dfig Updates erhalten\",\"isPartOf\":{\"@id\":\"https:\/\/lni40.de\/#website\"},\"datePublished\":\"2023-01-05T22:51:25+00:00\",\"dateModified\":\"2025-07-25T19:56:23+00:00\",\"description\":\"Melden Sie sich f\u00fcr den LNI 4.0 Newsletter an und erhalten Sie regelm\u00e4\u00dfig Updates zu Industrie 4.0, Innovationen und Veranstaltungen.\",\"breadcrumb\":{\"@id\":\"https:\/\/lni40.de\/newsletteranmeldung\/#breadcrumb\"},\"inLanguage\":\"en-US\",\"potentialAction\":[{\"@type\":\"ReadAction\",\"target\":[\"https:\/\/lni40.de\/newsletteranmeldung\/\"]}]},{\"@type\":\"BreadcrumbList\",\"@id\":\"https:\/\/lni40.de\/newsletteranmeldung\/#breadcrumb\",\"itemListElement\":[{\"@type\":\"ListItem\",\"position\":1,\"name\":\"Startseite\",\"item\":\"https:\/\/lni40.de\/\"},{\"@type\":\"ListItem\",\"position\":2,\"name\":\"Newsletteranmeldung\"}]},{\"@type\":\"WebSite\",\"@id\":\"https:\/\/lni40.de\/#website\",\"url\":\"https:\/\/lni40.de\/\",\"name\":\"LNI 4.0 - Labs Network Industrie 4.0 e.V.\",\"description\":\"\",\"publisher\":{\"@id\":\"https:\/\/lni40.de\/#organization\"},\"potentialAction\":[{\"@type\":\"SearchAction\",\"target\":{\"@type\":\"EntryPoint\",\"urlTemplate\":\"https:\/\/lni40.de\/?s={search_term_string}\"},\"query-input\":{\"@type\":\"PropertyValueSpecification\",\"valueRequired\":true,\"valueName\":\"search_term_string\"}}],\"inLanguage\":\"en-US\"},{\"@type\":\"Organization\",\"@id\":\"https:\/\/lni40.de\/#organization\",\"name\":\"LNI 4.0 - Labs Network Industrie 4.0 e.V.\",\"url\":\"https:\/\/lni40.de\/\",\"logo\":{\"@type\":\"ImageObject\",\"inLanguage\":\"en-US\",\"@id\":\"https:\/\/lni40.de\/#\/schema\/logo\/image\/\",\"url\":\"https:\/\/lni40.de\/wp-content\/uploads\/2023\/01\/LNI40_logo_transparent.png\",\"contentUrl\":\"https:\/\/lni40.de\/wp-content\/uploads\/2023\/01\/LNI40_logo_transparent.png\",\"width\":1200,\"height\":109,\"caption\":\"LNI 4.0 - Labs Network Industrie 4.0 e.V.\"},\"image\":{\"@id\":\"https:\/\/lni40.de\/#\/schema\/logo\/image\/\"}}]}<\/script>\n<!-- \/ Yoast SEO plugin. -->","yoast_head_json":{"title":"Newsletter registration LNI 4.0 - receive regular updates","description":"Sign up for the LNI 4.0 newsletter and receive regular updates on Industry 4.0, innovations and events.","robots":{"index":"index","follow":"follow","max-snippet":"max-snippet:-1","max-image-preview":"max-image-preview:large","max-video-preview":"max-video-preview:-1"},"canonical":"https:\/\/lni40.de\/en\/newsletter-registration\/","og_locale":"en_US","og_type":"article","og_title":"Newsletteranmeldung LNI 4.0 - regelm\u00e4\u00dfig Updates erhalten","og_description":"Melden Sie sich f\u00fcr den LNI 4.0 Newsletter an und erhalten Sie regelm\u00e4\u00dfig Updates zu Industrie 4.0, Innovationen und Veranstaltungen.","og_url":"https:\/\/lni40.de\/en\/newsletter-registration\/","og_site_name":"LNI 4.0 - Labs Network Industrie 4.0 e.V.","article_modified_time":"2025-07-25T19:56:23+00:00","twitter_card":"summary_large_image","twitter_misc":{"Est. reading time":"1 minute"},"schema":{"@context":"https:\/\/schema.org","@graph":[{"@type":"WebPage","@id":"https:\/\/lni40.de\/newsletteranmeldung\/","url":"https:\/\/lni40.de\/newsletteranmeldung\/","name":"Newsletter registration LNI 4.0 - receive regular updates","isPartOf":{"@id":"https:\/\/lni40.de\/#website"},"datePublished":"2023-01-05T22:51:25+00:00","dateModified":"2025-07-25T19:56:23+00:00","description":"Sign up for the LNI 4.0 newsletter and receive regular updates on Industry 4.0, innovations and events.","breadcrumb":{"@id":"https:\/\/lni40.de\/newsletteranmeldung\/#breadcrumb"},"inLanguage":"en-US","potentialAction":[{"@type":"ReadAction","target":["https:\/\/lni40.de\/newsletteranmeldung\/"]}]},{"@type":"BreadcrumbList","@id":"https:\/\/lni40.de\/newsletteranmeldung\/#breadcrumb","itemListElement":[{"@type":"ListItem","position":1,"name":"Startseite","item":"https:\/\/lni40.de\/"},{"@type":"ListItem","position":2,"name":"Newsletteranmeldung"}]},{"@type":"WebSite","@id":"https:\/\/lni40.de\/#website","url":"https:\/\/lni40.de\/","name":"LNI 4.0 - Labs Network Industrie 4.0 e.V.","description":"","publisher":{"@id":"https:\/\/lni40.de\/#organization"},"potentialAction":[{"@type":"SearchAction","target":{"@type":"EntryPoint","urlTemplate":"https:\/\/lni40.de\/?s={search_term_string}"},"query-input":{"@type":"PropertyValueSpecification","valueRequired":true,"valueName":"search_term_string"}}],"inLanguage":"en-US"},{"@type":"Organization","@id":"https:\/\/lni40.de\/#organization","name":"LNI 4.0 - Labs Network Industrie 4.0 e.V.","url":"https:\/\/lni40.de\/","logo":{"@type":"ImageObject","inLanguage":"en-US","@id":"https:\/\/lni40.de\/#\/schema\/logo\/image\/","url":"https:\/\/lni40.de\/wp-content\/uploads\/2023\/01\/LNI40_logo_transparent.png","contentUrl":"https:\/\/lni40.de\/wp-content\/uploads\/2023\/01\/LNI40_logo_transparent.png","width":1200,"height":109,"caption":"LNI 4.0 - Labs Network Industrie 4.0 e.V."},"image":{"@id":"https:\/\/lni40.de\/#\/schema\/logo\/image\/"}}]}},"_links":{"self":[{"href":"https:\/\/lni40.de\/en\/wp-json\/wp\/v2\/pages\/109","targetHints":{"allow":["GET"]}}],"collection":[{"href":"https:\/\/lni40.de\/en\/wp-json\/wp\/v2\/pages"}],"about":[{"href":"https:\/\/lni40.de\/en\/wp-json\/wp\/v2\/types\/page"}],"author":[{"embeddable":true,"href":"https:\/\/lni40.de\/en\/wp-json\/wp\/v2\/users\/1"}],"replies":[{"embeddable":true,"href":"https:\/\/lni40.de\/en\/wp-json\/wp\/v2\/comments?post=109"}],"version-history":[{"count":59,"href":"https:\/\/lni40.de\/en\/wp-json\/wp\/v2\/pages\/109\/revisions"}],"predecessor-version":[{"id":4487,"href":"https:\/\/lni40.de\/en\/wp-json\/wp\/v2\/pages\/109\/revisions\/4487"}],"wp:attachment":[{"href":"https:\/\/lni40.de\/en\/wp-json\/wp\/v2\/media?parent=109"}],"curies":[{"name":"wp","href":"https:\/\/api.w.org\/{rel}","templated":true}]}}